{"id":2,"date":"2016-07-31T01:32:30","date_gmt":"2016-07-31T01:32:30","guid":{"rendered":"http:\/\/127.0.0.1\/linnguagem\/idiomas\/?page_id=2"},"modified":"2022-05-11T14:48:36","modified_gmt":"2022-05-11T17:48:36","slug":"home-2","status":"publish","type":"page","link":"https:\/\/linnguagem.com.br\/comunicacao\/","title":{"rendered":"LinnGuagem Comunica\u00e7\u00e3o e Express\u00e3o"},"content":{"rendered":"<p><div id=\"cursos\"><div class=\"fusion-fullwidth fullwidth-box fusion-builder-row-1 fusion-parallax-none nonhundred-percent-fullwidth non-hundred-percent-height-scrolling\"  style='background-color: rgba(255,255,255,0);background-image: url(\"https:\/\/linnguagem.com.br\/comunicacao\/wp-content\/uploads\/sites\/3\/2022\/05\/banner_comunica.png\");background-position: left top;background-repeat: no-repeat;padding-top:300px;padding-right:0px;padding-bottom:300px;padding-left:0px;margin-bottom: 0px;margin-top: 0px;border-top-width:0px;border-bottom-width:0px;border-color:#f7f7f7;border-top-style:solid;border-bottom-style:solid;-webkit-background-size:cover;-moz-background-size:cover;-o-background-size:cover;background-size:cover;'><div class=\"fusion-builder-row fusion-row \"><div  class=\"fusion-layout-column fusion_builder_column fusion_builder_column_1_1 fusion-builder-column-0 fusion-one-full fusion-column-first fusion-column-last 1_1\"  style='margin-top:0px;margin-bottom:0px;'><div class=\"fusion-column-wrapper\" style=\"padding: -120px 0px 0px 0px;background-position:left top;background-repeat:no-repeat;-webkit-background-size:cover;-moz-background-size:cover;-o-background-size:cover;background-size:cover;\"   data-bg-url=\"\"><div class=\"fusion-column-content-centered\"><div class=\"fusion-column-content\"><\/div><\/div><div class=\"fusion-clearfix\"><\/div><\/div><\/div><\/div><\/div><\/div><style type=\"text\/css\">.fusion-fullwidth.fusion-builder-row-1 a:not(.fusion-button):not(.fusion-builder-module-control):not(.fusion-social-network-icon):not(.fb-icon-element):not(.fusion-countdown-link):not(.fusion-rollover-link):not(.fusion-rollover-gallery):not(.fusion-button-bar):not(.add_to_cart_button):not(.show_details_button):not(.product_type_external):not(.fusion-quick-view):not(.fusion-rollover-title-link):not(.fusion-breadcrumb-link) , .fusion-fullwidth.fusion-builder-row-1 a:not(.fusion-button):not(.fusion-builder-module-control):not(.fusion-social-network-icon):not(.fb-icon-element):not(.fusion-countdown-link):not(.fusion-rollover-link):not(.fusion-rollover-gallery):not(.fusion-button-bar):not(.add_to_cart_button):not(.show_details_button):not(.product_type_external):not(.fusion-quick-view):not(.fusion-rollover-title-link):not(.fusion-breadcrumb-link):before, .fusion-fullwidth.fusion-builder-row-1 a:not(.fusion-button):not(.fusion-builder-module-control):not(.fusion-social-network-icon):not(.fb-icon-element):not(.fusion-countdown-link):not(.fusion-rollover-link):not(.fusion-rollover-gallery):not(.fusion-button-bar):not(.add_to_cart_button):not(.show_details_button):not(.product_type_external):not(.fusion-quick-view):not(.fusion-rollover-title-link):not(.fusion-breadcrumb-link):after {color: #3a4149;}.fusion-fullwidth.fusion-builder-row-1 a:not(.fusion-button):not(.fusion-builder-module-control):not(.fusion-social-network-icon):not(.fb-icon-element):not(.fusion-countdown-link):not(.fusion-rollover-link):not(.fusion-rollover-gallery):not(.fusion-button-bar):not(.add_to_cart_button):not(.show_details_button):not(.product_type_external):not(.fusion-quick-view):not(.fusion-rollover-title-link):not(.fusion-breadcrumb-link):hover, .fusion-fullwidth.fusion-builder-row-1 a:not(.fusion-button):not(.fusion-builder-module-control):not(.fusion-social-network-icon):not(.fb-icon-element):not(.fusion-countdown-link):not(.fusion-rollover-link):not(.fusion-rollover-gallery):not(.fusion-button-bar):not(.add_to_cart_button):not(.show_details_button):not(.product_type_external):not(.fusion-quick-view):not(.fusion-rollover-title-link):not(.fusion-breadcrumb-link):hover:before, .fusion-fullwidth.fusion-builder-row-1 a:not(.fusion-button):not(.fusion-builder-module-control):not(.fusion-social-network-icon):not(.fb-icon-element):not(.fusion-countdown-link):not(.fusion-rollover-link):not(.fusion-rollover-gallery):not(.fusion-button-bar):not(.add_to_cart_button):not(.show_details_button):not(.product_type_external):not(.fusion-quick-view):not(.fusion-rollover-title-link):not(.fusion-breadcrumb-link):hover:after {color: #092100;}.fusion-fullwidth.fusion-builder-row-1 .pagination a.inactive:hover, .fusion-fullwidth.fusion-builder-row-1 .fusion-filters .fusion-filter.fusion-active a {border-color: #092100;}.fusion-fullwidth.fusion-builder-row-1 .pagination .current {border-color: #092100; background-color: #092100;}.fusion-fullwidth.fusion-builder-row-1 .fusion-filters .fusion-filter.fusion-active a, .fusion-fullwidth.fusion-builder-row-1 .fusion-date-and-formats .fusion-format-box, .fusion-fullwidth.fusion-builder-row-1 .fusion-popover, .fusion-fullwidth.fusion-builder-row-1 .tooltip-shortcode {color: #092100;}#main .fusion-fullwidth.fusion-builder-row-1 .post .blog-shortcode-post-title a:hover {color: #092100;}<\/style><div id=\"cursos\"><div class=\"fusion-fullwidth fullwidth-box fusion-builder-row-2 nonhundred-percent-fullwidth non-hundred-percent-height-scrolling\"  style='background-color: rgba(255,255,255,0);background-position: left top;background-repeat: no-repeat;padding-top:0px;padding-right:40px;padding-bottom:0px;padding-left:40px;margin-bottom: 20px;margin-top: 0px;border-top-width:0px;border-bottom-width:0px;border-color:#f7f7f7;border-top-style:solid;border-bottom-style:solid;'><div class=\"fusion-builder-row fusion-row \"><div  class=\"fusion-layout-column fusion_builder_column fusion_builder_column_1_1 fusion-builder-column-1 fusion-one-full fusion-column-first fusion-column-last 1_1\"  style='margin-top:0px;margin-bottom:0px;'><div class=\"fusion-column-wrapper\" style=\"padding: -120px 0px 0px 0px;background-position:left top;background-repeat:no-repeat;-webkit-background-size:cover;-moz-background-size:cover;-o-background-size:cover;background-size:cover;\"   data-bg-url=\"\"><div class=\"fusion-column-content-centered\"><div class=\"fusion-column-content\"><div class=\"fusion-section-separator section-separator bigtriangle\" style=\"padding:0;margin-left:-40px;margin-right:-40px;\"><svg class=\"fusion-big-triangle-candy\" xmlns=\"http:\/\/www.w3.org\/2000\/svg\" version=\"1.1\" width=\"100%\" height=\"100\" viewBox=\"0 0 100 100\" preserveAspectRatio=\"none\" style=\"fill:#d7d7d7;padding:0;\"><path d=\"M-1 -1 L50 99 L101 -1 Z\"><\/path><\/svg><\/div><div class=\"fusion-text\"><h2 style=\"text-align: center;\">CURSOS<\/h2>\n<\/div><div class=\"fusion-fa-align-center\"><i class=\"fb-icon-element-1 fb-icon-element fontawesome-icon fa-ellipsis-h fas circle-no\" style=\"font-size:14px;margin-bottom:20px;\"><\/i><\/div><style>i.fontawesome-icon.fb-icon-element-1{ color: #550259;}i.fontawesome-icon.fb-icon-element-1:hover { color: #550259;}<\/style><div class=\"fusion-text\"><p>Curso voltado aos profissionais e acad\u00eamicos que t\u00eam interesse no desenvolvimento das habilidades de comunica\u00e7\u00e3o e t\u00e9cnica de orat\u00f3ria.<\/p>\n<p>O aluno aprende a estruturar apresenta\u00e7\u00f5es e palestras profissionalmente, e desenvolve estrat\u00e9gias de persuas\u00e3o e motiva\u00e7\u00e3o perante seu p\u00fablico de interesse.<\/p>\n<\/div><div class=\"fusion-button-wrapper fusion-aligncenter\"><style type=\"text\/css\">.fusion-button.button-1 {border-radius:2px;}<\/style><a class=\"fusion-button button-flat fusion-button-default-size button-default button-1 fusion-button-default-span fusion-button-default-type\" target=\"_self\" href=\"http:\/\/linnguagem.com.br\/comunicacao\/pre-inscricao\/\"><span class=\"fusion-button-text\">PR\u00c9 INSCRI\u00c7\u00c3O<\/span><\/a><\/div><\/div><\/div><div class=\"fusion-clearfix\"><\/div><\/div><\/div><\/div><\/div><\/div><style type=\"text\/css\">.fusion-fullwidth.fusion-builder-row-2 a:not(.fusion-button):not(.fusion-builder-module-control):not(.fusion-social-network-icon):not(.fb-icon-element):not(.fusion-countdown-link):not(.fusion-rollover-link):not(.fusion-rollover-gallery):not(.fusion-button-bar):not(.add_to_cart_button):not(.show_details_button):not(.product_type_external):not(.fusion-quick-view):not(.fusion-rollover-title-link):not(.fusion-breadcrumb-link) , .fusion-fullwidth.fusion-builder-row-2 a:not(.fusion-button):not(.fusion-builder-module-control):not(.fusion-social-network-icon):not(.fb-icon-element):not(.fusion-countdown-link):not(.fusion-rollover-link):not(.fusion-rollover-gallery):not(.fusion-button-bar):not(.add_to_cart_button):not(.show_details_button):not(.product_type_external):not(.fusion-quick-view):not(.fusion-rollover-title-link):not(.fusion-breadcrumb-link):before, .fusion-fullwidth.fusion-builder-row-2 a:not(.fusion-button):not(.fusion-builder-module-control):not(.fusion-social-network-icon):not(.fb-icon-element):not(.fusion-countdown-link):not(.fusion-rollover-link):not(.fusion-rollover-gallery):not(.fusion-button-bar):not(.add_to_cart_button):not(.show_details_button):not(.product_type_external):not(.fusion-quick-view):not(.fusion-rollover-title-link):not(.fusion-breadcrumb-link):after {color: #3a4149;}.fusion-fullwidth.fusion-builder-row-2 a:not(.fusion-button):not(.fusion-builder-module-control):not(.fusion-social-network-icon):not(.fb-icon-element):not(.fusion-countdown-link):not(.fusion-rollover-link):not(.fusion-rollover-gallery):not(.fusion-button-bar):not(.add_to_cart_button):not(.show_details_button):not(.product_type_external):not(.fusion-quick-view):not(.fusion-rollover-title-link):not(.fusion-breadcrumb-link):hover, .fusion-fullwidth.fusion-builder-row-2 a:not(.fusion-button):not(.fusion-builder-module-control):not(.fusion-social-network-icon):not(.fb-icon-element):not(.fusion-countdown-link):not(.fusion-rollover-link):not(.fusion-rollover-gallery):not(.fusion-button-bar):not(.add_to_cart_button):not(.show_details_button):not(.product_type_external):not(.fusion-quick-view):not(.fusion-rollover-title-link):not(.fusion-breadcrumb-link):hover:before, .fusion-fullwidth.fusion-builder-row-2 a:not(.fusion-button):not(.fusion-builder-module-control):not(.fusion-social-network-icon):not(.fb-icon-element):not(.fusion-countdown-link):not(.fusion-rollover-link):not(.fusion-rollover-gallery):not(.fusion-button-bar):not(.add_to_cart_button):not(.show_details_button):not(.product_type_external):not(.fusion-quick-view):not(.fusion-rollover-title-link):not(.fusion-breadcrumb-link):hover:after {color: #092100;}.fusion-fullwidth.fusion-builder-row-2 .pagination a.inactive:hover, .fusion-fullwidth.fusion-builder-row-2 .fusion-filters .fusion-filter.fusion-active a {border-color: #092100;}.fusion-fullwidth.fusion-builder-row-2 .pagination .current {border-color: #092100; background-color: #092100;}.fusion-fullwidth.fusion-builder-row-2 .fusion-filters .fusion-filter.fusion-active a, .fusion-fullwidth.fusion-builder-row-2 .fusion-date-and-formats .fusion-format-box, .fusion-fullwidth.fusion-builder-row-2 .fusion-popover, .fusion-fullwidth.fusion-builder-row-2 .tooltip-shortcode {color: #092100;}#main .fusion-fullwidth.fusion-builder-row-2 .post .blog-shortcode-post-title a:hover {color: #092100;}<\/style><div id=\"coordenacao\"><div class=\"fusion-fullwidth fullwidth-box fusion-builder-row-3 hundred-percent-fullwidth non-hundred-percent-height-scrolling fusion-equal-height-columns\"  style='background-color: #e0e0e0;background-position: left top;background-repeat: no-repeat;padding-top:-20px;padding-right:40px;padding-bottom:30px;padding-left:40px;margin-bottom: 0px;margin-top: 30px;border-top-width:0px;border-bottom-width:0px;border-color:#f7f7f7;border-top-style:solid;border-bottom-style:solid;'><div class=\"fusion-builder-row fusion-row \"><div  class=\"fusion-layout-column fusion_builder_column fusion_builder_column_1_1 fusion-builder-column-2 fusion-one-full fusion-column-first fusion-column-last fusion-column-no-min-height 1_1\"  style='margin-top:0px;margin-bottom:0%;'><div class=\"fusion-column-wrapper\" style=\"padding: 0px 0px 0px 0px;background-position:left top;background-blend-mode: overlay;background-repeat:no-repeat;-webkit-background-size:cover;-moz-background-size:cover;-o-background-size:cover;background-size:cover;\"   data-bg-url=\"\"><div class=\"fusion-section-separator section-separator bigtriangle\" style=\"padding:0;margin-left:-40px;margin-right:-40px;\"><svg class=\"fusion-big-triangle-candy\" xmlns=\"http:\/\/www.w3.org\/2000\/svg\" version=\"1.1\" width=\"100%\" height=\"100\" viewBox=\"0 0 100 100\" preserveAspectRatio=\"none\" style=\"fill:#ffffff;padding:0;\"><path d=\"M-1 -1 L50 99 L101 -1 Z\"><\/path><\/svg><\/div><div class=\"fusion-text\"><h2 style=\"text-align: center; padding-top: 30px;\">COORDENA\u00c7\u00c3O DE CURSOS<\/h2>\n<\/div><div class=\"fusion-fa-align-center\"><i class=\"fb-icon-element-2 fb-icon-element fontawesome-icon fa-ellipsis-h fas circle-no\" style=\"font-size:14px;margin-bottom:20px;\"><\/i><\/div><style>i.fontawesome-icon.fb-icon-element-2{ color: #550259;}i.fontawesome-icon.fb-icon-element-2:hover { color: #550259;}<\/style><div class=\"fusion-clearfix\"><\/div><\/div><\/div><div  data-animationType=fadeInDown data-animationDuration=1.0 data-animationOffset=100% class=\"fusion-layout-column fusion_builder_column fusion_builder_column_1_4 fusion-builder-column-3 fusion-one-fourth fusion-column-first fusion-animated 1_4\"  style='margin-top:0px;margin-bottom:0px;width:22%; margin-right: 4%;'><div class=\"fusion-column-wrapper\" style=\"padding: 0px 0px 0px 0px;background-position:left top;background-repeat:no-repeat;-webkit-background-size:cover;-moz-background-size:cover;-o-background-size:cover;background-size:cover;\"   data-bg-url=\"\"><div class=\"fusion-column-content-centered\"><div class=\"fusion-column-content\"><span style=\"-webkit-border-radius:20px;-moz-border-radius:20px;border-radius:20px;margin-right:25px;float:left;\" class=\"fusion-imageframe imageframe-none imageframe-1 hover-type-none\"><img loading=\"lazy\" decoding=\"async\" src=\"https:\/\/linnguagem.com.br\/comunicacao\/wp-content\/uploads\/sites\/3\/2021\/06\/thumbnail_IMG_4531.jpg\" width=\"1280\" height=\"940\" alt=\"\" title=\"thumbnail_IMG_4531\" class=\"img-responsive wp-image-2406\" srcset=\"https:\/\/linnguagem.com.br\/comunicacao\/wp-content\/uploads\/sites\/3\/2021\/06\/thumbnail_IMG_4531-200x147.jpg 200w, https:\/\/linnguagem.com.br\/comunicacao\/wp-content\/uploads\/sites\/3\/2021\/06\/thumbnail_IMG_4531-400x294.jpg 400w, https:\/\/linnguagem.com.br\/comunicacao\/wp-content\/uploads\/sites\/3\/2021\/06\/thumbnail_IMG_4531-600x441.jpg 600w, https:\/\/linnguagem.com.br\/comunicacao\/wp-content\/uploads\/sites\/3\/2021\/06\/thumbnail_IMG_4531-800x588.jpg 800w, https:\/\/linnguagem.com.br\/comunicacao\/wp-content\/uploads\/sites\/3\/2021\/06\/thumbnail_IMG_4531-1200x881.jpg 1200w, https:\/\/linnguagem.com.br\/comunicacao\/wp-content\/uploads\/sites\/3\/2021\/06\/thumbnail_IMG_4531.jpg 1280w\" sizes=\"auto, (max-width: 1000px) 100vw, 400px\" \/><\/span><div class=\"fusion-sep-clear\"><\/div><div class=\"fusion-separator fusion-no-medium-visibility fusion-no-large-visibility fusion-full-width-sep sep-none\" style=\"margin-left: auto;margin-right: auto;margin-top:10px;margin-bottom:10px;\"><\/div><\/div><\/div><div class=\"fusion-clearfix\"><\/div><\/div><\/div><div  data-animationType=fadeInDown data-animationDuration=1.0 data-animationOffset=100% class=\"fusion-layout-column fusion_builder_column fusion_builder_column_3_4 fusion-builder-column-4 fusion-three-fourth fusion-column-last fusion-animated 3_4\"  style='margin-top:0px;margin-bottom:0px;width:74%'><div class=\"fusion-column-wrapper\" style=\"padding: 0px 0px 0px 0px;background-position:left top;background-repeat:no-repeat;-webkit-background-size:cover;-moz-background-size:cover;-o-background-size:cover;background-size:cover;\"   data-bg-url=\"\"><div class=\"fusion-column-content-centered\"><div class=\"fusion-column-content\"><style type=\"text\/css\"><\/style><div class=\"fusion-title title fusion-title-1 fusion-sep-none fusion-title-text fusion-title-size-three\" style=\"margin-top:0px;margin-bottom:5px;\"><h3 class=\"title-heading-left\" style=\"margin:0;\">Andr\u00e9 Linn<\/h3><\/div><div class=\"fusion-text\"><p>Gestor Educacional<\/p>\n<\/div><div class=\"fusion-text\"><p>\u00c9 p\u00f3s graduado em comunica\u00e7\u00e3o e semi\u00f3tica pela PUC, em S\u00e3o Paulo, e certificado em l\u00edngua inglesa pela Michigan University, nos Estados Unidos. J\u00e1 viveu na Inglaterra e Estados Unidos, e por 20 anos lecionou cursos de idiomas \u00e0 comunica\u00e7\u00e3o em escolas como Berlitz e Institutos binacionais de educa\u00e7\u00e3o. Esteve no Canad\u00e1 como roteirista e diretor do document\u00e1rio Br\u00e9siliens au Qu\u00e9bec e na Inglaterra, Fran\u00e7a e Argentina como produtor de Webcasts em identidade e linguagem. Paralelamente as suas atividades interdisciplinares em educa\u00e7\u00e3o, \u00e9 psicanalista e membro do CEP \u2013 Centro de Estudos Psicanal\u00edticos, em S\u00e3o Paulo.<\/p>\n<\/div><\/div><\/div><div class=\"fusion-clearfix\"><\/div><\/div><\/div><div  data-animationType=fadeInDown data-animationDuration=1.0 data-animationOffset=100% class=\"fusion-layout-column fusion_builder_column fusion_builder_column_1_1 fusion-builder-column-5 fusion-one-full fusion-column-first fusion-column-last fusion-animated 1_1\"  style='margin-top:15px;margin-bottom:0px;'><div class=\"fusion-column-wrapper\" style=\"padding: 0px 0px 0px 0px;background-position:left top;background-repeat:no-repeat;-webkit-background-size:cover;-moz-background-size:cover;-o-background-size:cover;background-size:cover;\"   data-bg-url=\"\"><div class=\"fusion-section-separator section-separator bigtriangle\" style=\"padding:0;margin-left:-40px;margin-right:-40px;\"><svg class=\"fusion-big-triangle-candy\" xmlns=\"http:\/\/www.w3.org\/2000\/svg\" version=\"1.1\" width=\"100%\" height=\"100\" viewBox=\"0 0 100 100\" preserveAspectRatio=\"none\" style=\"fill:#e0e0e0;padding:0;\"><path d=\"M-1 -1 L50 99 L101 -1 Z\"><\/path><\/svg><\/div><div class=\"fusion-clearfix\"><\/div><\/div><\/div><\/div><\/div><\/div><style type=\"text\/css\">.fusion-fullwidth.fusion-builder-row-3 a:not(.fusion-button):not(.fusion-builder-module-control):not(.fusion-social-network-icon):not(.fb-icon-element):not(.fusion-countdown-link):not(.fusion-rollover-link):not(.fusion-rollover-gallery):not(.fusion-button-bar):not(.add_to_cart_button):not(.show_details_button):not(.product_type_external):not(.fusion-quick-view):not(.fusion-rollover-title-link):not(.fusion-breadcrumb-link) , .fusion-fullwidth.fusion-builder-row-3 a:not(.fusion-button):not(.fusion-builder-module-control):not(.fusion-social-network-icon):not(.fb-icon-element):not(.fusion-countdown-link):not(.fusion-rollover-link):not(.fusion-rollover-gallery):not(.fusion-button-bar):not(.add_to_cart_button):not(.show_details_button):not(.product_type_external):not(.fusion-quick-view):not(.fusion-rollover-title-link):not(.fusion-breadcrumb-link):before, .fusion-fullwidth.fusion-builder-row-3 a:not(.fusion-button):not(.fusion-builder-module-control):not(.fusion-social-network-icon):not(.fb-icon-element):not(.fusion-countdown-link):not(.fusion-rollover-link):not(.fusion-rollover-gallery):not(.fusion-button-bar):not(.add_to_cart_button):not(.show_details_button):not(.product_type_external):not(.fusion-quick-view):not(.fusion-rollover-title-link):not(.fusion-breadcrumb-link):after {color: #3a4149;}.fusion-fullwidth.fusion-builder-row-3 a:not(.fusion-button):not(.fusion-builder-module-control):not(.fusion-social-network-icon):not(.fb-icon-element):not(.fusion-countdown-link):not(.fusion-rollover-link):not(.fusion-rollover-gallery):not(.fusion-button-bar):not(.add_to_cart_button):not(.show_details_button):not(.product_type_external):not(.fusion-quick-view):not(.fusion-rollover-title-link):not(.fusion-breadcrumb-link):hover, .fusion-fullwidth.fusion-builder-row-3 a:not(.fusion-button):not(.fusion-builder-module-control):not(.fusion-social-network-icon):not(.fb-icon-element):not(.fusion-countdown-link):not(.fusion-rollover-link):not(.fusion-rollover-gallery):not(.fusion-button-bar):not(.add_to_cart_button):not(.show_details_button):not(.product_type_external):not(.fusion-quick-view):not(.fusion-rollover-title-link):not(.fusion-breadcrumb-link):hover:before, .fusion-fullwidth.fusion-builder-row-3 a:not(.fusion-button):not(.fusion-builder-module-control):not(.fusion-social-network-icon):not(.fb-icon-element):not(.fusion-countdown-link):not(.fusion-rollover-link):not(.fusion-rollover-gallery):not(.fusion-button-bar):not(.add_to_cart_button):not(.show_details_button):not(.product_type_external):not(.fusion-quick-view):not(.fusion-rollover-title-link):not(.fusion-breadcrumb-link):hover:after {color: #092100;}.fusion-fullwidth.fusion-builder-row-3 .pagination a.inactive:hover, .fusion-fullwidth.fusion-builder-row-3 .fusion-filters .fusion-filter.fusion-active a {border-color: #092100;}.fusion-fullwidth.fusion-builder-row-3 .pagination .current {border-color: #092100; background-color: #092100;}.fusion-fullwidth.fusion-builder-row-3 .fusion-filters .fusion-filter.fusion-active a, .fusion-fullwidth.fusion-builder-row-3 .fusion-date-and-formats .fusion-format-box, .fusion-fullwidth.fusion-builder-row-3 .fusion-popover, .fusion-fullwidth.fusion-builder-row-3 .tooltip-shortcode {color: #092100;}#main .fusion-fullwidth.fusion-builder-row-3 .post .blog-shortcode-post-title a:hover {color: #092100;}<\/style><\/p>\n","protected":false},"excerpt":{"rendered":"","protected":false},"author":1,"featured_media":0,"parent":0,"menu_order":0,"comment_status":"closed","ping_status":"closed","template":"100-width.php","meta":{"footnotes":""},"class_list":["post-2","page","type-page","status-publish","hentry"],"yoast_head":"<!-- This site is optimized with the Yoast SEO plugin v16.0.2 - https:\/\/yoast.com\/wordpress\/plugins\/seo\/ -->\n<title>LinnGuagem Comunica\u00e7\u00e3o e Express\u00e3o - LinnGuagem | Comuninca\u00e7\u00e3o<\/title>\n<link rel=\"canonical\" href=\"https:\/\/linnguagem.com.br\/comunicacao\/\" \/>\n<meta property=\"og:locale\" content=\"pt_BR\" \/>\n<meta property=\"og:type\" content=\"article\" \/>\n<meta property=\"og:title\" content=\"LinnGuagem Comunica\u00e7\u00e3o e Express\u00e3o - LinnGuagem | Comuninca\u00e7\u00e3o\" \/>\n<meta property=\"og:url\" content=\"https:\/\/linnguagem.com.br\/comunicacao\/\" \/>\n<meta property=\"og:site_name\" content=\"LinnGuagem | Comuninca\u00e7\u00e3o\" \/>\n<meta property=\"article:modified_time\" content=\"2022-05-11T17:48:36+00:00\" \/>\n<meta property=\"og:image\" content=\"https:\/\/linnguagem.com.br\/comunicacao\/wp-content\/uploads\/sites\/3\/2020\/12\/Comunica_face.png\" \/>\n\t<meta property=\"og:image:width\" content=\"350\" \/>\n\t<meta property=\"og:image:height\" content=\"350\" \/>\n<meta name=\"twitter:card\" content=\"summary_large_image\" \/>\n<meta name=\"twitter:label1\" content=\"Est. tempo de leitura\">\n\t<meta name=\"twitter:data1\" content=\"5 minutos\">\n<script type=\"application\/ld+json\" class=\"yoast-schema-graph\">{\"@context\":\"https:\/\/schema.org\",\"@graph\":[{\"@type\":\"WebSite\",\"@id\":\"https:\/\/linnguagem.com.br\/comunicacao\/#website\",\"url\":\"https:\/\/linnguagem.com.br\/comunicacao\/\",\"name\":\"LinnGuagem | Comuninca\\u00e7\\u00e3o\",\"description\":\"\",\"potentialAction\":[{\"@type\":\"SearchAction\",\"target\":\"https:\/\/linnguagem.com.br\/comunicacao\/?s={search_term_string}\",\"query-input\":\"required name=search_term_string\"}],\"inLanguage\":\"pt-BR\"},{\"@type\":\"WebPage\",\"@id\":\"https:\/\/linnguagem.com.br\/comunicacao\/#webpage\",\"url\":\"https:\/\/linnguagem.com.br\/comunicacao\/\",\"name\":\"LinnGuagem Comunica\\u00e7\\u00e3o e Express\\u00e3o - LinnGuagem | Comuninca\\u00e7\\u00e3o\",\"isPartOf\":{\"@id\":\"https:\/\/linnguagem.com.br\/comunicacao\/#website\"},\"datePublished\":\"2016-07-31T01:32:30+00:00\",\"dateModified\":\"2022-05-11T17:48:36+00:00\",\"breadcrumb\":{\"@id\":\"https:\/\/linnguagem.com.br\/comunicacao\/#breadcrumb\"},\"inLanguage\":\"pt-BR\",\"potentialAction\":[{\"@type\":\"ReadAction\",\"target\":[\"https:\/\/linnguagem.com.br\/comunicacao\/\"]}]},{\"@type\":\"BreadcrumbList\",\"@id\":\"https:\/\/linnguagem.com.br\/comunicacao\/#breadcrumb\",\"itemListElement\":[{\"@type\":\"ListItem\",\"position\":1,\"item\":{\"@type\":\"WebPage\",\"@id\":\"https:\/\/linnguagem.com.br\/comunicacao\/\",\"url\":\"https:\/\/linnguagem.com.br\/comunicacao\/\",\"name\":\"In\\u00edcio\"}},{\"@type\":\"ListItem\",\"position\":2,\"item\":{\"@type\":\"WebPage\",\"@id\":\"https:\/\/linnguagem.com.br\/comunicacao\/\",\"url\":\"https:\/\/linnguagem.com.br\/comunicacao\/\",\"name\":\"LinnGuagem Comunica\\u00e7\\u00e3o e Express\\u00e3o\"}}]}]}<\/script>\n<!-- \/ Yoast SEO plugin. -->","_links":{"self":[{"href":"https:\/\/linnguagem.com.br\/comunicacao\/wp-json\/wp\/v2\/pages\/2","targetHints":{"allow":["GET"]}}],"collection":[{"href":"https:\/\/linnguagem.com.br\/comunicacao\/wp-json\/wp\/v2\/pages"}],"about":[{"href":"https:\/\/linnguagem.com.br\/comunicacao\/wp-json\/wp\/v2\/types\/page"}],"author":[{"embeddable":true,"href":"https:\/\/linnguagem.com.br\/comunicacao\/wp-json\/wp\/v2\/users\/1"}],"replies":[{"embeddable":true,"href":"https:\/\/linnguagem.com.br\/comunicacao\/wp-json\/wp\/v2\/comments?post=2"}],"version-history":[{"count":221,"href":"https:\/\/linnguagem.com.br\/comunicacao\/wp-json\/wp\/v2\/pages\/2\/revisions"}],"predecessor-version":[{"id":2419,"href":"https:\/\/linnguagem.com.br\/comunicacao\/wp-json\/wp\/v2\/pages\/2\/revisions\/2419"}],"wp:attachment":[{"href":"https:\/\/linnguagem.com.br\/comunicacao\/wp-json\/wp\/v2\/media?parent=2"}],"curies":[{"name":"wp","href":"https:\/\/api.w.org\/{rel}","templated":true}]}}